{"id":639,"date":"2025-05-13T17:54:17","date_gmt":"2025-05-13T15:54:17","guid":{"rendered":"https:\/\/hotelmaxlazise.com\/servizi-della-struttura\/"},"modified":"2025-08-18T12:02:57","modified_gmt":"2025-08-18T10:02:57","slug":"einrichtungen","status":"publish","type":"page","link":"https:\/\/hotelmaxlazise.com\/de\/einrichtungen\/","title":{"rendered":"Einrichtungen"},"content":{"rendered":"<section class=\"l-section wpb_row height_auto full_height valign_center with_img\"><div class=\"l-section-img\" role=\"img\" aria-label=\"Bild\" data-img-width=\"1920\" data-img-height=\"1281\" style=\"background-image: url(https:\/\/hotelmaxlazise.com\/wp-content\/uploads\/2025\/07\/OND06882.jpg);background-repeat: no-repeat;\"><\/div><div class=\"l-section-h i-cf\"><div class=\"g-cols vc_row via_grid cols_1 laptops-cols_inherit tablets-cols_inherit mobiles-cols_1 valign_top type_default stacking_default\"><div class=\"wpb_column vc_column_container us_custom_70b40c4d\"><div class=\"vc_column-inner\"><\/div><\/div><\/div><\/div><\/section><section class=\"l-section wpb_row height_medium with_img\"><div class=\"l-section-img\" role=\"img\" aria-label=\"Bild\" data-img-width=\"465.491\" data-img-height=\"599.846\" style=\"background-image: url(https:\/\/hotelmaxlazise.com\/wp-content\/uploads\/2025\/05\/flower-sx.svg);background-position: center left;background-repeat: no-repeat;background-size: auto;\"><\/div><div class=\"l-section-overlay\" style=\"background:rgba(255,255,255,0.55)\"><\/div><div class=\"l-section-h i-cf\"><div class=\"g-cols vc_row via_grid cols_custom laptops-cols_inherit tablets-cols_inherit mobiles-cols_1 valign_top type_default stacking_default\" style=\"--custom-columns:0.5fr 5fr 0.5fr \"><div class=\"wpb_column vc_column_container\"><div class=\"vc_column-inner\"><\/div><\/div><div class=\"wpb_column vc_column_container\"><div class=\"vc_column-inner\"><div class=\"wpb_text_column\"><div class=\"wpb_wrapper\"><h6>HOTEL MAX LAZISE &#8211; LAGO DI GARDA<\/h6>\n<\/div><\/div><div class=\"wpb_text_column\"><div class=\"wpb_wrapper\"><h1>Dienstleistungen des Hotels Max in Lazise<\/h1>\n<\/div><\/div><div class=\"w-separator size_small with_line width_30 thick_2 style_solid color_primary align_left\"><div class=\"w-separator-h\"><\/div><\/div><div class=\"w-separator size_medium\"><\/div><div class=\"g-cols wpb_row via_grid cols_2 laptops-cols_inherit tablets-cols_inherit mobiles-cols_1 valign_top type_default stacking_default\" style=\"--columns-gap:3rem;\"><div class=\"wpb_column vc_column_container\"><div class=\"vc_column-inner\"><div class=\"wpb_text_column us_custom_343a6660\"><div class=\"wpb_wrapper\"><p><strong>Im Preis inbegriffene Leistungen<\/strong><\/p>\n<\/div><\/div><div class=\"wpb_text_column\"><div class=\"wpb_wrapper\"><p><i class=\"fas fa-check-circle verde\"><\/i> Rezeption von 08:00 bis 22:00<br \/>\n<i class=\"fas fa-check-circle verde\"><\/i> Fr\u00fchst\u00fccksbuffet<br \/>\n<i class=\"fas fa-check-circle verde\"><\/i> Kostenloser Privatparkplatz<br \/>\n<i class=\"fas fa-check-circle verde\"><\/i> Internet Wi-Fi im ganzen Hotel<\/p>\n<\/div><\/div><\/div><\/div><div class=\"wpb_column vc_column_container\"><div class=\"vc_column-inner\"><div class=\"wpb_text_column us_custom_343a6660\"><div class=\"wpb_wrapper\"><p><strong>Geb\u00fchrenpflichtige Dienstleistungen ausgeschlossen<\/strong><\/p>\n<\/div><\/div><div class=\"wpb_text_column\"><div class=\"wpb_wrapper\"><p><strong>Haustiere erlaubt<\/strong><br \/>\neine zus\u00e4tzliche Geb\u00fchr von \u20ac 10 pro Tag wird berechnet<\/p>\n<\/div><\/div><div class=\"wpb_text_column us_custom_343a6660\"><div class=\"wpb_wrapper\"><p><strong>TIMETABLES<\/strong><\/p>\n<\/div><\/div><div class=\"wpb_text_column\"><div class=\"wpb_wrapper\"><p><strong>Einchecken:<\/strong> von 14:00 bis 22:00 Uhr.<br \/>\nAuf Anfrage ist es m\u00f6glich, die Ankunftszeit zu verl\u00e4ngern.<\/p>\n<p><strong>Check out:<\/strong> bis 10:30 Uhr.<\/p>\n<\/div><\/div><\/div><\/div><\/div><\/div><\/div><div class=\"wpb_column vc_column_container\"><div class=\"vc_column-inner\"><\/div><\/div><\/div><\/div><\/section><section class=\"l-section wpb_row us_custom_03cea402 height_medium\"><div class=\"l-section-h i-cf\"><div class=\"g-cols vc_row via_grid cols_1 laptops-cols_inherit tablets-cols_inherit mobiles-cols_1 valign_top type_default stacking_default\"><div class=\"wpb_column vc_column_container\"><div class=\"vc_column-inner\"><div class=\"w-separator size_small\"><\/div><div class=\"wpb_text_column\"><div class=\"wpb_wrapper\"><h6>DIENSTLEISTUNGEN &#8211; FR\u00dcHST\u00dcCK<\/h6>\n<\/div><\/div><div class=\"g-cols wpb_row via_grid cols_2-1 laptops-cols_inherit tablets-cols_inherit mobiles-cols_1 valign_top type_default stacking_default\" style=\"--columns-gap:3rem;\"><div class=\"wpb_column vc_column_container us_custom_31a82e79 has_bg_color\"><div class=\"vc_column-inner\"><\/div><\/div><div class=\"wpb_column vc_column_container\"><div class=\"vc_column-inner\"><div class=\"w-separator size_medium\"><\/div><div class=\"wpb_text_column\"><div class=\"wpb_wrapper\"><h2>FR\u00dcHST\u00dcCK<\/h2>\n<\/div><\/div><div class=\"wpb_text_column us_custom_939ef8a1 has_text_color\"><div class=\"wpb_wrapper\"><p>S\u00fc\u00dfes oder Herzhaftes in der Halle oder drau\u00dfen auf der Veranda<\/p>\n<\/div><\/div><div class=\"w-separator size_small\"><\/div><div class=\"wpb_text_column\"><div class=\"wpb_wrapper\"><p>Jeden Morgen bieten wir ein Fr\u00fchst\u00fccksbuffet an, das in den R\u00e4umlichkeiten nebenan eingenommen werden kann, wo es auch einen Au\u00dfenbereich gibt.<br \/>\nSie werden Croissants, Brot, gekochte Eier, K\u00e4se, Salami, Schinken, Marmelade, Obst, Saft und Wasser finden.<\/p>\n<\/div><\/div><div class=\"w-separator size_medium\"><\/div><\/div><\/div><\/div><div class=\"w-separator size_small\"><\/div><\/div><\/div><\/div><\/div><\/section><section class=\"l-section wpb_row height_medium full_height valign_center with_img\"><div class=\"l-section-img\" role=\"img\" aria-label=\"Bild\" data-img-width=\"1620\" data-img-height=\"1080\" style=\"background-image: url(https:\/\/hotelmaxlazise.com\/wp-content\/uploads\/2025\/05\/IMG_4693.jpg);background-repeat: no-repeat;\"><\/div><div class=\"l-section-overlay\" style=\"background:linear-gradient(0deg,rgba(0,0,0,0.30),rgba(0,0,0,0.00))\"><\/div><div class=\"l-section-h i-cf\"><div class=\"g-cols vc_row via_grid cols_1 laptops-cols_inherit tablets-cols_inherit mobiles-cols_1 valign_top type_default stacking_default\"><div class=\"wpb_column vc_column_container\"><div class=\"vc_column-inner\"><div class=\"g-cols wpb_row via_grid cols_1-2 laptops-cols_inherit tablets-cols_inherit mobiles-cols_1 valign_top type_default stacking_default\" style=\"--columns-gap:3rem;\"><div class=\"wpb_column vc_column_container\"><div class=\"vc_column-inner\"><div class=\"w-vwrapper us_custom_2b4575af align_none valign_top\"><div class=\"wpb_text_column us_custom_a6944422\"><div class=\"wpb_wrapper\"><p>Buffalo<br \/>\nSteakhouse<br \/>\n&amp; Pizza<\/p>\n<\/div><\/div><div class=\"w-separator us_custom_a833bf3c size_custom with_line width_30 thick_1 style_solid color_border align_left\" style=\"height:10px\"><div class=\"w-separator-h\"><\/div><\/div><div class=\"wpb_text_column\"><div class=\"wpb_wrapper\"><p>Wir bieten eine gro\u00dfe Auswahl an Fleischsorten aus aller Welt, perfekt zubereitet, um jeden Gaumen zu verw\u00f6hnen. Vom heimischen Fleisch bis zu exotischen Delikatessen ist jedes Gericht ein einzigartiges Geschmackserlebnis.<\/p>\n<\/div><\/div><div class=\"w-separator size_small\"><\/div><div class=\"w-btn-wrapper align_justify\"><a class=\"w-btn us-btn-style_2\" target=\"_blank\" rel=\"nofollow\" href=\"http:\/\/buffalogrill-cola.eatbu.com\"><span class=\"w-btn-label\">Besuchen Sie die Website<\/span><\/a><\/div><\/div><\/div><\/div><div class=\"wpb_column vc_column_container\"><div class=\"vc_column-inner\"><\/div><\/div><\/div><\/div><\/div><\/div><\/div><\/section>\n","protected":false},"excerpt":{"rendered":"HOTEL MAX LAZISE &#8211; LAGO DI GARDA Dienstleistungen des Hotels Max in Lazise Im Preis inbegriffene Leistungen Rezeption von 08:00 bis 22:00 Fr\u00fchst\u00fccksbuffet Kostenloser Privatparkplatz Internet Wi-Fi im ganzen Hotel Geb\u00fchrenpflichtige Dienstleistungen ausgeschlossen Haustiere erlaubt eine zus\u00e4tzliche Geb\u00fchr von \u20ac 10 pro Tag wird berechnet TIMETABLES Einchecken: von 14:00 bis 22:00 Uhr. Auf Anfrage ist...","protected":false},"author":1,"featured_media":513,"parent":0,"menu_order":0,"comment_status":"closed","ping_status":"closed","template":"","meta":{"_acf_changed":false,"inline_featured_image":false,"footnotes":""},"class_list":["post-639","page","type-page","status-publish","has-post-thumbnail","hentry"],"acf":[],"_links":{"self":[{"href":"https:\/\/hotelmaxlazise.com\/de\/wp-json\/wp\/v2\/pages\/639","targetHints":{"allow":["GET"]}}],"collection":[{"href":"https:\/\/hotelmaxlazise.com\/de\/wp-json\/wp\/v2\/pages"}],"about":[{"href":"https:\/\/hotelmaxlazise.com\/de\/wp-json\/wp\/v2\/types\/page"}],"author":[{"embeddable":true,"href":"https:\/\/hotelmaxlazise.com\/de\/wp-json\/wp\/v2\/users\/1"}],"replies":[{"embeddable":true,"href":"https:\/\/hotelmaxlazise.com\/de\/wp-json\/wp\/v2\/comments?post=639"}],"version-history":[{"count":2,"href":"https:\/\/hotelmaxlazise.com\/de\/wp-json\/wp\/v2\/pages\/639\/revisions"}],"predecessor-version":[{"id":641,"href":"https:\/\/hotelmaxlazise.com\/de\/wp-json\/wp\/v2\/pages\/639\/revisions\/641"}],"wp:featuredmedia":[{"embeddable":true,"href":"https:\/\/hotelmaxlazise.com\/de\/wp-json\/wp\/v2\/media\/513"}],"wp:attachment":[{"href":"https:\/\/hotelmaxlazise.com\/de\/wp-json\/wp\/v2\/media?parent=639"}],"curies":[{"name":"wp","href":"https:\/\/api.w.org\/{rel}","templated":true}]}}